{"id":5714,"date":"2025-03-03T16:09:31","date_gmt":"2025-03-03T15:09:31","guid":{"rendered":"https:\/\/www.workandpadel.fr\/?page_id=5714"},"modified":"2025-03-13T15:03:29","modified_gmt":"2025-03-13T14:03:29","slug":"our-padel-courts","status":"publish","type":"page","link":"https:\/\/www.workandpadel.fr\/en\/nos-terrains-de-padel\/","title":{"rendered":"OUR ACHIEVEMENTS"},"content":{"rendered":"\t\t<div data-elementor-type=\"wp-page\" data-elementor-id=\"5714\" class=\"elementor elementor-5714\" data-elementor-post-type=\"page\">\n\t\t\t\t\t\t<section class=\"elementor-section elementor-top-section elementor-element elementor-element-293c236 elementor-section-boxed elementor-section-height-default elementor-section-height-default\" data-id=\"293c236\" data-element_type=\"section\" data-e-type=\"section\" data-settings=\"{&quot;background_background&quot;:&quot;slideshow&quot;,&quot;background_slideshow_gallery&quot;:[{&quot;id&quot;:5834,&quot;url&quot;:&quot;https:\\\/\\\/www.workandpadel.fr\\\/wp-content\\\/uploads\\\/2025\\\/01\\\/versailles-1.jpg&quot;},{&quot;id&quot;:5806,&quot;url&quot;:&quot;https:\\\/\\\/www.workandpadel.fr\\\/wp-content\\\/uploads\\\/2025\\\/02\\\/abe1fed8-ad3e-4e51-8acf-70df6742c8c0.jpg&quot;},{&quot;id&quot;:5762,&quot;url&quot;:&quot;https:\\\/\\\/www.workandpadel.fr\\\/wp-content\\\/uploads\\\/2025\\\/02\\\/IMG_2519-scaled.jpg&quot;}],&quot;background_slideshow_ken_burns&quot;:&quot;yes&quot;,&quot;background_slideshow_loop&quot;:&quot;yes&quot;,&quot;background_slideshow_slide_duration&quot;:5000,&quot;background_slideshow_slide_transition&quot;:&quot;fade&quot;,&quot;background_slideshow_transition_duration&quot;:500,&quot;background_slideshow_ken_burns_zoom_direction&quot;:&quot;in&quot;}\">\n\t\t\t\t\t\t\t<div class=\"elementor-background-overlay\"><\/div>\n\t\t\t\t\t\t\t<div class=\"elementor-container elementor-column-gap-default\">\n\t\t\t\t\t<div class=\"elementor-column elementor-col-100 elementor-top-column elementor-element elementor-element-58b4c9a\" data-id=\"58b4c9a\" data-element_type=\"column\" data-e-type=\"column\">\n\t\t\t<div class=\"elementor-widget-wrap elementor-element-populated\">\n\t\t\t\t\t\t<div class=\"elementor-element elementor-element-8a6e75f elementor-widget elementor-widget-heading\" data-id=\"8a6e75f\" data-element_type=\"widget\" data-e-type=\"widget\" data-widget_type=\"heading.default\">\n\t\t\t\t<div class=\"elementor-widget-container\">\n\t\t\t\t\t<h1 class=\"elementor-heading-title elementor-size-default\">NOS R\u00c9ALISATIONS<\/h1>\t\t\t\t<\/div>\n\t\t\t\t<\/div>\n\t\t\t\t\t<\/div>\n\t\t<\/div>\n\t\t\t\t\t<\/div>\n\t\t<\/section>\n\t\t\t\t<section class=\"elementor-section elementor-top-section elementor-element elementor-element-a8397cb elementor-section-boxed elementor-section-height-default elementor-section-height-default\" data-id=\"a8397cb\" data-element_type=\"section\" data-e-type=\"section\">\n\t\t\t\t\t\t<div class=\"elementor-container elementor-column-gap-default\">\n\t\t\t\t\t<div class=\"elementor-column elementor-col-100 elementor-top-column elementor-element elementor-element-6f17ce3\" data-id=\"6f17ce3\" data-element_type=\"column\" data-e-type=\"column\">\n\t\t\t<div class=\"elementor-widget-wrap elementor-element-populated\">\n\t\t\t\t\t\t<div class=\"elementor-element elementor-element-6a16b01 elementor-widget elementor-widget-heading\" data-id=\"6a16b01\" data-element_type=\"widget\" data-e-type=\"widget\" data-widget_type=\"heading.default\">\n\t\t\t\t<div class=\"elementor-widget-container\">\n\t\t\t\t\t<h2 class=\"elementor-heading-title elementor-size-default\">Des terrains de padel install\u00e9s avec expertise<\/h2>\t\t\t\t<\/div>\n\t\t\t\t<\/div>\n\t\t\t\t<div class=\"elementor-element elementor-element-506ae2b elementor-widget elementor-widget-text-editor\" data-id=\"506ae2b\" data-element_type=\"widget\" data-e-type=\"widget\" data-widget_type=\"text-editor.default\">\n\t\t\t\t<div class=\"elementor-widget-container\">\n\t\t\t\t\t\t\t\t\t<p data-start=\"244\" data-end=\"604\">Chez <strong data-start=\"249\" data-end=\"267\">Work and Padel<\/strong>, chaque projet est une nouvelle aventure ! De la premi\u00e8re \u00e9tude \u00e0 l\u2019installation finale, nous accompagnons nos clients \u00e0 chaque \u00e9tape pour concr\u00e9tiser leur <strong data-start=\"424\" data-end=\"450\">terrain de padel id\u00e9al<\/strong>. H\u00f4tellerie, campings, clubs de sport, municipalit\u00e9s ou investisseurs priv\u00e9s, nous adaptons chaque installation aux besoins sp\u00e9cifiques de nos clients.<\/p><p data-start=\"744\" data-end=\"902\">Notre expertise et notre exigence font la diff\u00e9rence, et nos r\u00e9alisations en sont la preuve. D\u00e9couvrez ici nos derniers chantiers et laissez-vous inspirer !<\/p>\t\t\t\t\t\t\t\t<\/div>\n\t\t\t\t<\/div>\n\t\t\t\t\t<\/div>\n\t\t<\/div>\n\t\t\t\t\t<\/div>\n\t\t<\/section>\n\t\t\t\t<section class=\"elementor-section elementor-top-section elementor-element elementor-element-3e392df elementor-section-boxed elementor-section-height-default elementor-section-height-default\" data-id=\"3e392df\" data-element_type=\"section\" data-e-type=\"section\">\n\t\t\t\t\t\t<div class=\"elementor-container elementor-column-gap-default\">\n\t\t\t\t\t<div class=\"elementor-column elementor-col-100 elementor-top-column elementor-element elementor-element-2c0d2d8\" data-id=\"2c0d2d8\" data-element_type=\"column\" data-e-type=\"column\">\n\t\t\t<div class=\"elementor-widget-wrap elementor-element-populated\">\n\t\t\t\t\t\t<div class=\"elementor-element elementor-element-89f730c elementor-widget elementor-widget-jkit_post_block\" data-id=\"89f730c\" data-element_type=\"widget\" data-e-type=\"widget\" data-widget_type=\"jkit_post_block.default\">\n\t\t\t\t<div class=\"elementor-widget-container\">\n\t\t\t\t\t<div  class=\"jeg-elementor-kit jkit-postblock postblock-type-2 jkit-pagination-disable post-element jeg_module___69cffc98c944c\"  data-id=\"jeg_module___69cffc98c944c\" data-settings=\"{&quot;post_type&quot;:&quot;post&quot;,&quot;number_post&quot;:{&quot;unit&quot;:&quot;px&quot;,&quot;size&quot;:12,&quot;sizes&quot;:[]},&quot;post_offset&quot;:0,&quot;unique_content&quot;:&quot;disable&quot;,&quot;include_post&quot;:&quot;&quot;,&quot;exclude_post&quot;:&quot;&quot;,&quot;include_category&quot;:&quot;28&quot;,&quot;exclude_category&quot;:&quot;&quot;,&quot;include_author&quot;:&quot;&quot;,&quot;include_tag&quot;:&quot;&quot;,&quot;exclude_tag&quot;:&quot;&quot;,&quot;business_category&quot;:&quot;&quot;,&quot;special_offers_category&quot;:&quot;&quot;,&quot;body_cares_category&quot;:&quot;&quot;,&quot;rooms_category&quot;:&quot;&quot;,&quot;menus_cards_category&quot;:&quot;&quot;,&quot;ctl-stories&quot;:&quot;&quot;,&quot;sort_by&quot;:&quot;latest&quot;,&quot;pagination_mode&quot;:&quot;disable&quot;,&quot;pagination_loadmore_text&quot;:&quot;Load More&quot;,&quot;pagination_loading_text&quot;:&quot;Loading...&quot;,&quot;pagination_number_post&quot;:{&quot;unit&quot;:&quot;px&quot;,&quot;size&quot;:3,&quot;sizes&quot;:[]},&quot;pagination_scroll_limit&quot;:0,&quot;pagination_icon&quot;:{&quot;value&quot;:&quot;&quot;,&quot;library&quot;:&quot;&quot;},&quot;pagination_icon_position&quot;:&quot;before&quot;,&quot;st_category_position&quot;:&quot;center&quot;,&quot;sg_content_postblock_type&quot;:&quot;type-2&quot;,&quot;sg_content_element_order&quot;:&quot;title&quot;,&quot;sg_content_breakpoint&quot;:&quot;tablet&quot;,&quot;sg_content_title_html_tag&quot;:&quot;h3&quot;,&quot;sg_content_category_enable&quot;:&quot;&quot;,&quot;sg_content_excerpt_enable&quot;:&quot;yes&quot;,&quot;sg_content_excerpt_length&quot;:{&quot;unit&quot;:&quot;px&quot;,&quot;size&quot;:20,&quot;sizes&quot;:[]},&quot;sg_content_excerpt_more&quot;:&quot;...&quot;,&quot;sg_content_readmore_enable&quot;:&quot;yes&quot;,&quot;sg_content_readmore_icon&quot;:{&quot;value&quot;:&quot;fas fa-arrow-right&quot;,&quot;library&quot;:&quot;fa-solid&quot;},&quot;sg_content_readmore_icon_position&quot;:&quot;after&quot;,&quot;sg_content_readmore_text&quot;:&quot;Lire plus&quot;,&quot;sg_content_comment_enable&quot;:&quot;yes&quot;,&quot;sg_content_comment_icon&quot;:{&quot;value&quot;:&quot;fas fa-comment&quot;,&quot;library&quot;:&quot;fa-solid&quot;},&quot;sg_content_comment_icon_position&quot;:&quot;before&quot;,&quot;sg_content_meta_enable&quot;:&quot;yes&quot;,&quot;sg_content_meta_author_enable&quot;:&quot;yes&quot;,&quot;sg_content_meta_author_by_text&quot;:&quot;par&quot;,&quot;sg_content_meta_author_icon&quot;:{&quot;value&quot;:&quot;fas fa-user&quot;,&quot;library&quot;:&quot;fa-solid&quot;},&quot;sg_content_meta_author_icon_position&quot;:&quot;before&quot;,&quot;sg_content_meta_date_enable&quot;:&quot;yes&quot;,&quot;sg_content_meta_date_type&quot;:&quot;published&quot;,&quot;sg_content_meta_date_format&quot;:&quot;default&quot;,&quot;sg_content_meta_date_format_custom&quot;:&quot;j F Y&quot;,&quot;sg_content_meta_date_icon&quot;:{&quot;value&quot;:&quot;&quot;,&quot;library&quot;:&quot;&quot;},&quot;sg_content_meta_date_icon_position&quot;:&quot;before&quot;,&quot;sg_content_image_size_imagesize_size&quot;:&quot;full&quot;,&quot;paged&quot;:1,&quot;class&quot;:&quot;jkit_post_block&quot;}\"><div class=\"jkit-block-container\"><div class=\"jkit-posts jkit-ajax-flag\">\n            <article class=\"jkit-post post-5920 post type-post status-publish format-standard has-post-thumbnail hentry category-terrains-padel\">\n                    <div class=\"jkit-thumb\"><a aria-label=\"Installation de 2 terrains de padel \u00e0 Santa Giulia gr\u00e2ce au Try&amp;Buy\" href=\"https:\/\/www.workandpadel.fr\/en\/installation-de-2-terrains-de-padel-a-santa-giulia-grace-au-systeme-trybuy\/\"><div class=\"thumbnail-container \">\n            <img loading=\"lazy\" decoding=\"async\" width=\"1600\" height=\"1200\" src=\"https:\/\/www.workandpadel.fr\/wp-content\/uploads\/2025\/06\/retouche-1.jpg\" class=\"attachment-full size-full wp-post-image\" alt=\"\" loading=\"lazy\" srcset=\"https:\/\/www.workandpadel.fr\/wp-content\/uploads\/2025\/06\/retouche-1.jpg 1600w, https:\/\/www.workandpadel.fr\/wp-content\/uploads\/2025\/06\/retouche-1-300x225.jpg 300w, https:\/\/www.workandpadel.fr\/wp-content\/uploads\/2025\/06\/retouche-1-1024x768.jpg 1024w, https:\/\/www.workandpadel.fr\/wp-content\/uploads\/2025\/06\/retouche-1-768x576.jpg 768w, https:\/\/www.workandpadel.fr\/wp-content\/uploads\/2025\/06\/retouche-1-1536x1152.jpg 1536w, https:\/\/www.workandpadel.fr\/wp-content\/uploads\/2025\/06\/retouche-1-16x12.jpg 16w\" sizes=\"auto, (max-width: 1600px) 100vw, 1600px\" title=\"Photo -\">\n        <\/div><\/a><\/div>\n                    <div class=\"jkit-postblock-content\"><h3 class=\"jkit-post-title\">\n\t\t\t\t\t\t\t<a href=\"https:\/\/www.workandpadel.fr\/en\/installation-de-2-terrains-de-padel-a-santa-giulia-grace-au-systeme-trybuy\/\">Installation de 2 terrains de padel \u00e0 Santa Giulia gr\u00e2ce au Try&amp;Buy<\/a>\n\t\t\t\t\t\t<\/h3><\/div>\n                <\/article><article class=\"jkit-post post-5904 post type-post status-publish format-standard has-post-thumbnail hentry category-terrains-padel\">\n                    <div class=\"jkit-thumb\"><a aria-label=\"Installation de 4 terrains de padel \u00e0 Alpilles Padel\" href=\"https:\/\/www.workandpadel.fr\/en\/installation-de-4-terrains-de-padel-a-alpilles-padel\/\"><div class=\"thumbnail-container \">\n            <img loading=\"lazy\" decoding=\"async\" width=\"2048\" height=\"1538\" src=\"https:\/\/www.workandpadel.fr\/wp-content\/uploads\/2025\/06\/IMG_3549.jpg\" class=\"attachment-full size-full wp-post-image\" alt=\"\" loading=\"lazy\" srcset=\"https:\/\/www.workandpadel.fr\/wp-content\/uploads\/2025\/06\/IMG_3549.jpg 2048w, https:\/\/www.workandpadel.fr\/wp-content\/uploads\/2025\/06\/IMG_3549-300x225.jpg 300w, https:\/\/www.workandpadel.fr\/wp-content\/uploads\/2025\/06\/IMG_3549-1024x769.jpg 1024w, https:\/\/www.workandpadel.fr\/wp-content\/uploads\/2025\/06\/IMG_3549-768x577.jpg 768w, https:\/\/www.workandpadel.fr\/wp-content\/uploads\/2025\/06\/IMG_3549-1536x1154.jpg 1536w, https:\/\/www.workandpadel.fr\/wp-content\/uploads\/2025\/06\/IMG_3549-16x12.jpg 16w\" sizes=\"auto, (max-width: 2048px) 100vw, 2048px\" title=\"Photo -\">\n        <\/div><\/a><\/div>\n                    <div class=\"jkit-postblock-content\"><h3 class=\"jkit-post-title\">\n\t\t\t\t\t\t\t<a href=\"https:\/\/www.workandpadel.fr\/en\/installation-de-4-terrains-de-padel-a-alpilles-padel\/\">Installation de 4 terrains de padel \u00e0 Alpilles Padel<\/a>\n\t\t\t\t\t\t<\/h3><\/div>\n                <\/article><article class=\"jkit-post post-5892 post type-post status-publish format-standard has-post-thumbnail hentry category-terrains-padel\">\n                    <div class=\"jkit-thumb\"><a aria-label=\"7 terrains de padel indoor \u00e0 Marseille\" href=\"https:\/\/www.workandpadel.fr\/en\/7-terrains-de-padel-indoor-a-marseille\/\"><div class=\"thumbnail-container \">\n            <img loading=\"lazy\" decoding=\"async\" width=\"1024\" height=\"768\" src=\"https:\/\/www.workandpadel.fr\/wp-content\/uploads\/2025\/06\/1.jpg\" class=\"attachment-full size-full wp-post-image\" alt=\"\" loading=\"lazy\" srcset=\"https:\/\/www.workandpadel.fr\/wp-content\/uploads\/2025\/06\/1.jpg 1024w, https:\/\/www.workandpadel.fr\/wp-content\/uploads\/2025\/06\/1-300x225.jpg 300w, https:\/\/www.workandpadel.fr\/wp-content\/uploads\/2025\/06\/1-768x576.jpg 768w, https:\/\/www.workandpadel.fr\/wp-content\/uploads\/2025\/06\/1-16x12.jpg 16w\" sizes=\"auto, (max-width: 1024px) 100vw, 1024px\" title=\"Photo -\">\n        <\/div><\/a><\/div>\n                    <div class=\"jkit-postblock-content\"><h3 class=\"jkit-post-title\">\n\t\t\t\t\t\t\t<a href=\"https:\/\/www.workandpadel.fr\/en\/7-terrains-de-padel-indoor-a-marseille\/\">7 terrains de padel indoor \u00e0 Marseille<\/a>\n\t\t\t\t\t\t<\/h3><\/div>\n                <\/article><article class=\"jkit-post post-5851 post type-post status-publish format-standard has-post-thumbnail hentry category-terrains-padel\">\n                    <div class=\"jkit-thumb\"><a aria-label=\"2 terrains de padel 180 panoramique install\u00e9s \u00e0 Arles\" href=\"https:\/\/www.workandpadel.fr\/en\/2-terrains-de-padel-180-panoramique-installes-a-arles\/\"><div class=\"thumbnail-container \">\n            <img loading=\"lazy\" decoding=\"async\" width=\"2560\" height=\"1922\" src=\"https:\/\/www.workandpadel.fr\/wp-content\/uploads\/2025\/03\/IMG_2615-scaled.jpg\" class=\"attachment-full size-full wp-post-image\" alt=\"\" loading=\"lazy\" srcset=\"https:\/\/www.workandpadel.fr\/wp-content\/uploads\/2025\/03\/IMG_2615-scaled.jpg 2560w, https:\/\/www.workandpadel.fr\/wp-content\/uploads\/2025\/03\/IMG_2615-300x225.jpg 300w, https:\/\/www.workandpadel.fr\/wp-content\/uploads\/2025\/03\/IMG_2615-1024x769.jpg 1024w, https:\/\/www.workandpadel.fr\/wp-content\/uploads\/2025\/03\/IMG_2615-768x577.jpg 768w, https:\/\/www.workandpadel.fr\/wp-content\/uploads\/2025\/03\/IMG_2615-1536x1153.jpg 1536w, https:\/\/www.workandpadel.fr\/wp-content\/uploads\/2025\/03\/IMG_2615-2048x1538.jpg 2048w, https:\/\/www.workandpadel.fr\/wp-content\/uploads\/2025\/03\/IMG_2615-16x12.jpg 16w\" sizes=\"auto, (max-width: 2560px) 100vw, 2560px\" title=\"Photo -\">\n        <\/div><\/a><\/div>\n                    <div class=\"jkit-postblock-content\"><h3 class=\"jkit-post-title\">\n\t\t\t\t\t\t\t<a href=\"https:\/\/www.workandpadel.fr\/en\/2-terrains-de-padel-180-panoramique-installes-a-arles\/\">2 terrains de padel 180 panoramique install\u00e9s \u00e0 Arles<\/a>\n\t\t\t\t\t\t<\/h3><\/div>\n                <\/article><article class=\"jkit-post post-5751 post type-post status-publish format-standard has-post-thumbnail hentry category-terrains-padel\">\n                    <div class=\"jkit-thumb\"><a aria-label=\"6 terrains de padel \u00e0 Simiane : un projet cl\u00e9 en main\" href=\"https:\/\/www.workandpadel.fr\/en\/installation-de-2-terrains-de-padel-a-aix-en-provence\/\"><div class=\"thumbnail-container \">\n            <img loading=\"lazy\" decoding=\"async\" width=\"2048\" height=\"1536\" src=\"https:\/\/www.workandpadel.fr\/wp-content\/uploads\/2025\/02\/204f625a-6648-4d39-838e-80490769ae42.jpg\" class=\"attachment-full size-full wp-post-image\" alt=\"\" loading=\"lazy\" srcset=\"https:\/\/www.workandpadel.fr\/wp-content\/uploads\/2025\/02\/204f625a-6648-4d39-838e-80490769ae42.jpg 2048w, https:\/\/www.workandpadel.fr\/wp-content\/uploads\/2025\/02\/204f625a-6648-4d39-838e-80490769ae42-300x225.jpg 300w, https:\/\/www.workandpadel.fr\/wp-content\/uploads\/2025\/02\/204f625a-6648-4d39-838e-80490769ae42-1024x768.jpg 1024w, https:\/\/www.workandpadel.fr\/wp-content\/uploads\/2025\/02\/204f625a-6648-4d39-838e-80490769ae42-768x576.jpg 768w, https:\/\/www.workandpadel.fr\/wp-content\/uploads\/2025\/02\/204f625a-6648-4d39-838e-80490769ae42-1536x1152.jpg 1536w, https:\/\/www.workandpadel.fr\/wp-content\/uploads\/2025\/02\/204f625a-6648-4d39-838e-80490769ae42-16x12.jpg 16w\" sizes=\"auto, (max-width: 2048px) 100vw, 2048px\" title=\"Photo -\">\n        <\/div><\/a><\/div>\n                    <div class=\"jkit-postblock-content\"><h3 class=\"jkit-post-title\">\n\t\t\t\t\t\t\t<a href=\"https:\/\/www.workandpadel.fr\/en\/installation-de-2-terrains-de-padel-a-aix-en-provence\/\">6 terrains de padel \u00e0 Simiane : un projet cl\u00e9 en main<\/a>\n\t\t\t\t\t\t<\/h3><\/div>\n                <\/article><article class=\"jkit-post post-5721 post type-post status-publish format-standard has-post-thumbnail hentry category-terrains-padel\">\n                    <div class=\"jkit-thumb\"><a aria-label=\"Installation de 2 terrains de padel \u00e0 Aix-en-Provence\" href=\"https:\/\/www.workandpadel.fr\/en\/installation-de-2-terrains-de-padel-installation-de-2-terrains-de-padel-a-aix-en-provence\/\"><div class=\"thumbnail-container \">\n            <img loading=\"lazy\" decoding=\"async\" width=\"1080\" height=\"1080\" src=\"https:\/\/www.workandpadel.fr\/wp-content\/uploads\/2025\/02\/NVX-POSTS-INSTA-6.jpg\" class=\"attachment-full size-full wp-post-image\" alt=\"Installation de deux terrains de padel \u00e0 Aix-en-Provence\" loading=\"lazy\" srcset=\"https:\/\/www.workandpadel.fr\/wp-content\/uploads\/2025\/02\/NVX-POSTS-INSTA-6.jpg 1080w, https:\/\/www.workandpadel.fr\/wp-content\/uploads\/2025\/02\/NVX-POSTS-INSTA-6-300x300.jpg 300w, https:\/\/www.workandpadel.fr\/wp-content\/uploads\/2025\/02\/NVX-POSTS-INSTA-6-1024x1024.jpg 1024w, https:\/\/www.workandpadel.fr\/wp-content\/uploads\/2025\/02\/NVX-POSTS-INSTA-6-150x150.jpg 150w, https:\/\/www.workandpadel.fr\/wp-content\/uploads\/2025\/02\/NVX-POSTS-INSTA-6-768x768.jpg 768w, https:\/\/www.workandpadel.fr\/wp-content\/uploads\/2025\/02\/NVX-POSTS-INSTA-6-12x12.jpg 12w\" sizes=\"auto, (max-width: 1080px) 100vw, 1080px\" title=\"Photo -\">\n        <\/div><\/a><\/div>\n                    <div class=\"jkit-postblock-content\"><h3 class=\"jkit-post-title\">\n\t\t\t\t\t\t\t<a href=\"https:\/\/www.workandpadel.fr\/en\/installation-de-2-terrains-de-padel-installation-de-2-terrains-de-padel-a-aix-en-provence\/\">Installation de 2 terrains de padel \u00e0 Aix-en-Provence<\/a>\n\t\t\t\t\t\t<\/h3><\/div>\n                <\/article><article class=\"jkit-post post-5832 post type-post status-publish format-standard has-post-thumbnail hentry category-terrains-padel\">\n                    <div class=\"jkit-thumb\"><a aria-label=\"Trois terrains de padel panoramiques install\u00e9s au Waldorf Astoria Versailles &#8211; Trianon Palace\" href=\"https:\/\/www.workandpadel.fr\/en\/trois-terrains-de-padel-panoramiques-installes-au-waldorf-astoria-versailles-trianon-palace\/\"><div class=\"thumbnail-container \">\n            <img loading=\"lazy\" decoding=\"async\" width=\"2048\" height=\"1536\" src=\"https:\/\/www.workandpadel.fr\/wp-content\/uploads\/2025\/01\/versailles-1.jpg\" class=\"attachment-full size-full wp-post-image\" alt=\"\" loading=\"lazy\" srcset=\"https:\/\/www.workandpadel.fr\/wp-content\/uploads\/2025\/01\/versailles-1.jpg 2048w, https:\/\/www.workandpadel.fr\/wp-content\/uploads\/2025\/01\/versailles-1-300x225.jpg 300w, https:\/\/www.workandpadel.fr\/wp-content\/uploads\/2025\/01\/versailles-1-1024x768.jpg 1024w, https:\/\/www.workandpadel.fr\/wp-content\/uploads\/2025\/01\/versailles-1-768x576.jpg 768w, https:\/\/www.workandpadel.fr\/wp-content\/uploads\/2025\/01\/versailles-1-1536x1152.jpg 1536w, https:\/\/www.workandpadel.fr\/wp-content\/uploads\/2025\/01\/versailles-1-16x12.jpg 16w\" sizes=\"auto, (max-width: 2048px) 100vw, 2048px\" title=\"Photo -\">\n        <\/div><\/a><\/div>\n                    <div class=\"jkit-postblock-content\"><h3 class=\"jkit-post-title\">\n\t\t\t\t\t\t\t<a href=\"https:\/\/www.workandpadel.fr\/en\/trois-terrains-de-padel-panoramiques-installes-au-waldorf-astoria-versailles-trianon-palace\/\">Trois terrains de padel panoramiques install\u00e9s au Waldorf Astoria Versailles &#8211; Trianon Palace<\/a>\n\t\t\t\t\t\t<\/h3><\/div>\n                <\/article><article class=\"jkit-post post-5821 post type-post status-publish format-standard has-post-thumbnail hentry category-terrains-padel\">\n                    <div class=\"jkit-thumb\"><a aria-label=\"Installation de terrains de padel pour Belambra : deux projets, deux solutions adapt\u00e9es !\" href=\"https:\/\/www.workandpadel.fr\/en\/installation-de-terrains-de-padel-pour-belambra-deux-projets-deux-solutions-adaptees\/\"><div class=\"thumbnail-container \">\n            <img loading=\"lazy\" decoding=\"async\" width=\"2560\" height=\"1920\" src=\"https:\/\/www.workandpadel.fr\/wp-content\/uploads\/2025\/02\/IMG_7076-scaled.jpg\" class=\"attachment-full size-full wp-post-image\" alt=\"\" loading=\"lazy\" srcset=\"https:\/\/www.workandpadel.fr\/wp-content\/uploads\/2025\/02\/IMG_7076-scaled.jpg 2560w, https:\/\/www.workandpadel.fr\/wp-content\/uploads\/2025\/02\/IMG_7076-300x225.jpg 300w, https:\/\/www.workandpadel.fr\/wp-content\/uploads\/2025\/02\/IMG_7076-1024x768.jpg 1024w, https:\/\/www.workandpadel.fr\/wp-content\/uploads\/2025\/02\/IMG_7076-768x576.jpg 768w, https:\/\/www.workandpadel.fr\/wp-content\/uploads\/2025\/02\/IMG_7076-1536x1152.jpg 1536w, https:\/\/www.workandpadel.fr\/wp-content\/uploads\/2025\/02\/IMG_7076-2048x1536.jpg 2048w, https:\/\/www.workandpadel.fr\/wp-content\/uploads\/2025\/02\/IMG_7076-16x12.jpg 16w\" sizes=\"auto, (max-width: 2560px) 100vw, 2560px\" title=\"Photo -\">\n        <\/div><\/a><\/div>\n                    <div class=\"jkit-postblock-content\"><h3 class=\"jkit-post-title\">\n\t\t\t\t\t\t\t<a href=\"https:\/\/www.workandpadel.fr\/en\/installation-de-terrains-de-padel-pour-belambra-deux-projets-deux-solutions-adaptees\/\">Installation de terrains de padel pour Belambra : deux projets, deux solutions adapt\u00e9es !<\/a>\n\t\t\t\t\t\t<\/h3><\/div>\n                <\/article><article class=\"jkit-post post-5786 post type-post status-publish format-standard has-post-thumbnail hentry category-terrains-padel\">\n                    <div class=\"jkit-thumb\"><a aria-label=\"Un terrain de padel chez un particulier dans les Bouches-du-Rh\u00f4ne\" href=\"https:\/\/www.workandpadel.fr\/en\/un-terrain-de-padel-chez-un-particulier-dans-les-bouches-du-rhone\/\"><div class=\"thumbnail-container \">\n            <img loading=\"lazy\" decoding=\"async\" width=\"1600\" height=\"1200\" src=\"https:\/\/www.workandpadel.fr\/wp-content\/uploads\/2025\/02\/abe1fed8-ad3e-4e51-8acf-70df6742c8c0.jpg\" class=\"attachment-full size-full wp-post-image\" alt=\"\" loading=\"lazy\" srcset=\"https:\/\/www.workandpadel.fr\/wp-content\/uploads\/2025\/02\/abe1fed8-ad3e-4e51-8acf-70df6742c8c0.jpg 1600w, https:\/\/www.workandpadel.fr\/wp-content\/uploads\/2025\/02\/abe1fed8-ad3e-4e51-8acf-70df6742c8c0-300x225.jpg 300w, https:\/\/www.workandpadel.fr\/wp-content\/uploads\/2025\/02\/abe1fed8-ad3e-4e51-8acf-70df6742c8c0-1024x768.jpg 1024w, https:\/\/www.workandpadel.fr\/wp-content\/uploads\/2025\/02\/abe1fed8-ad3e-4e51-8acf-70df6742c8c0-768x576.jpg 768w, https:\/\/www.workandpadel.fr\/wp-content\/uploads\/2025\/02\/abe1fed8-ad3e-4e51-8acf-70df6742c8c0-1536x1152.jpg 1536w, https:\/\/www.workandpadel.fr\/wp-content\/uploads\/2025\/02\/abe1fed8-ad3e-4e51-8acf-70df6742c8c0-16x12.jpg 16w\" sizes=\"auto, (max-width: 1600px) 100vw, 1600px\" title=\"Photo -\">\n        <\/div><\/a><\/div>\n                    <div class=\"jkit-postblock-content\"><h3 class=\"jkit-post-title\">\n\t\t\t\t\t\t\t<a href=\"https:\/\/www.workandpadel.fr\/en\/un-terrain-de-padel-chez-un-particulier-dans-les-bouches-du-rhone\/\">Un terrain de padel chez un particulier dans les Bouches-du-Rh\u00f4ne<\/a>\n\t\t\t\t\t\t<\/h3><\/div>\n                <\/article>\n        <\/div><\/div><\/div>\t\t\t\t<\/div>\n\t\t\t\t<\/div>\n\t\t\t\t\t<\/div>\n\t\t<\/div>\n\t\t\t\t\t<\/div>\n\t\t<\/section>\n\t\t\t\t<\/div>\n\t\t","protected":false},"excerpt":{"rendered":"<p>NOS R\u00c9ALISATIONS Des terrains de padel install\u00e9s avec expertise Chez Work and Padel, chaque projet est une nouvelle aventure ! De la premi\u00e8re \u00e9tude \u00e0 l\u2019installation finale, nous accompagnons nos clients \u00e0 chaque \u00e9tape pour concr\u00e9tiser leur terrain de padel id\u00e9al. H\u00f4tellerie, campings, clubs de sport, municipalit\u00e9s ou investisseurs priv\u00e9s, nous adaptons chaque installation aux [&hellip;]<\/p>\n","protected":false},"author":13,"featured_media":0,"parent":0,"menu_order":0,"comment_status":"closed","ping_status":"closed","template":"elementor_header_footer","meta":{"inline_featured_image":false,"_price":"","_stock":"","_tribe_ticket_header":"","_tribe_default_ticket_provider":"","_tribe_ticket_capacity":"0","_ticket_start_date":"","_ticket_end_date":"","_tribe_ticket_show_description":"","_tribe_ticket_show_not_going":false,"_tribe_ticket_use_global_stock":"","_tribe_ticket_global_stock_level":"","_global_stock_mode":"","_global_stock_cap":"","_tribe_rsvp_for_event":"","_tribe_ticket_going_count":"","_tribe_ticket_not_going_count":"","_tribe_tickets_list":"[]","_tribe_ticket_has_attendee_info_fields":false,"footnotes":"","_tec_slr_enabled":"","_tec_slr_layout":""},"class_list":["post-5714","page","type-page","status-publish","hentry"],"ticketed":false,"_links":{"self":[{"href":"https:\/\/www.workandpadel.fr\/en\/wp-json\/wp\/v2\/pages\/5714","targetHints":{"allow":["GET"]}}],"collection":[{"href":"https:\/\/www.workandpadel.fr\/en\/wp-json\/wp\/v2\/pages"}],"about":[{"href":"https:\/\/www.workandpadel.fr\/en\/wp-json\/wp\/v2\/types\/page"}],"author":[{"embeddable":true,"href":"https:\/\/www.workandpadel.fr\/en\/wp-json\/wp\/v2\/users\/13"}],"replies":[{"embeddable":true,"href":"https:\/\/www.workandpadel.fr\/en\/wp-json\/wp\/v2\/comments?post=5714"}],"version-history":[{"count":31,"href":"https:\/\/www.workandpadel.fr\/en\/wp-json\/wp\/v2\/pages\/5714\/revisions"}],"predecessor-version":[{"id":5869,"href":"https:\/\/www.workandpadel.fr\/en\/wp-json\/wp\/v2\/pages\/5714\/revisions\/5869"}],"wp:attachment":[{"href":"https:\/\/www.workandpadel.fr\/en\/wp-json\/wp\/v2\/media?parent=5714"}],"curies":[{"name":"wp","href":"https:\/\/api.w.org\/{rel}","templated":true}]}}